{"id":99,"date":"2022-03-10T13:48:11","date_gmt":"2022-03-10T12:48:11","guid":{"rendered":"http:\/\/shop.edgart.be\/shop\/?post_type=product&#038;p=99"},"modified":"2022-08-21T17:57:54","modified_gmt":"2022-08-21T15:57:54","slug":"mobilier-sans-face","status":"publish","type":"product","link":"https:\/\/shop.edgart.be\/shop\/index.php\/produit\/mobilier-sans-face\/","title":{"rendered":"Niche"},"content":{"rendered":"<p>Niche \u00e0 int\u00e9grer dans un ensemble de corpus<\/p>\n<p>L&#8217;espace de la niche n&#8217;est pas \u00e0 d\u00e9compter dans l&#8217;ensemble de corpus, il est \u00e0 ajouter.<\/p>\n","protected":false},"excerpt":{"rendered":"<p>Niche \u00e0 int\u00e9grer dans un ensemble de corpus L&#8217;espace de la niche n&#8217;est pas \u00e0 d\u00e9compter dans l&#8217;ensemble de corpus, il est \u00e0 ajouter.<\/p>\n","protected":false},"featured_media":109,"template":"","meta":[],"product_cat":[20],"product_tag":[],"_links":{"self":[{"href":"https:\/\/shop.edgart.be\/shop\/index.php\/wp-json\/wp\/v2\/product\/99"}],"collection":[{"href":"https:\/\/shop.edgart.be\/shop\/index.php\/wp-json\/wp\/v2\/product"}],"about":[{"href":"https:\/\/shop.edgart.be\/shop\/index.php\/wp-json\/wp\/v2\/types\/product"}],"wp:featuredmedia":[{"embeddable":true,"href":"https:\/\/shop.edgart.be\/shop\/index.php\/wp-json\/wp\/v2\/media\/109"}],"wp:attachment":[{"href":"https:\/\/shop.edgart.be\/shop\/index.php\/wp-json\/wp\/v2\/media?parent=99"}],"wp:term":[{"taxonomy":"product_cat","embeddable":true,"href":"https:\/\/shop.edgart.be\/shop\/index.php\/wp-json\/wp\/v2\/product_cat?post=99"},{"taxonomy":"product_tag","embeddable":true,"href":"https:\/\/shop.edgart.be\/shop\/index.php\/wp-json\/wp\/v2\/product_tag?post=99"}],"curies":[{"name":"wp","href":"https:\/\/api.w.org\/{rel}","templated":true}]}}