{"id":24,"date":"2020-07-22T22:55:25","date_gmt":"2020-07-22T20:55:25","guid":{"rendered":"http:\/\/shop.edgart.be\/shop\/?post_type=product&#038;p=24"},"modified":"2022-08-21T18:04:54","modified_gmt":"2022-08-21T16:04:54","slug":"ensembledemeuble","status":"publish","type":"product","link":"https:\/\/shop.edgart.be\/shop\/index.php\/produit\/ensembledemeuble\/","title":{"rendered":"Ensemble de corpus sans faces"},"content":{"rendered":"<p>Ensemble de corpus sans faces<\/p>\n<p>Etag\u00e8res tous les 300mm<\/p>\n<p>Resserrages de maximum 100mm pr\u00e9vu tout autour<\/p>\n<p>Si besoin de finition compl\u00e8te, il faut les ajouter avec le module finition<\/p>\n","protected":false},"excerpt":{"rendered":"<p>Ensemble de corpus sans faces Etag\u00e8res tous les 300mm Resserrages de maximum 100mm pr\u00e9vu tout autour Si besoin de finition compl\u00e8te, il faut les ajouter avec le module finition<\/p>\n","protected":false},"featured_media":110,"template":"","meta":[],"product_cat":[20],"product_tag":[],"_links":{"self":[{"href":"https:\/\/shop.edgart.be\/shop\/index.php\/wp-json\/wp\/v2\/product\/24"}],"collection":[{"href":"https:\/\/shop.edgart.be\/shop\/index.php\/wp-json\/wp\/v2\/product"}],"about":[{"href":"https:\/\/shop.edgart.be\/shop\/index.php\/wp-json\/wp\/v2\/types\/product"}],"wp:featuredmedia":[{"embeddable":true,"href":"https:\/\/shop.edgart.be\/shop\/index.php\/wp-json\/wp\/v2\/media\/110"}],"wp:attachment":[{"href":"https:\/\/shop.edgart.be\/shop\/index.php\/wp-json\/wp\/v2\/media?parent=24"}],"wp:term":[{"taxonomy":"product_cat","embeddable":true,"href":"https:\/\/shop.edgart.be\/shop\/index.php\/wp-json\/wp\/v2\/product_cat?post=24"},{"taxonomy":"product_tag","embeddable":true,"href":"https:\/\/shop.edgart.be\/shop\/index.php\/wp-json\/wp\/v2\/product_tag?post=24"}],"curies":[{"name":"wp","href":"https:\/\/api.w.org\/{rel}","templated":true}]}}