{"id":100,"date":"2022-03-10T14:11:18","date_gmt":"2022-03-10T13:11:18","guid":{"rendered":"http:\/\/shop.edgart.be\/shop\/?post_type=product&#038;p=100"},"modified":"2022-08-21T18:09:41","modified_gmt":"2022-08-21T16:09:41","slug":"faces","status":"publish","type":"product","link":"https:\/\/shop.edgart.be\/shop\/index.php\/produit\/faces\/","title":{"rendered":"Ensembles de faces"},"content":{"rendered":"<p>Ensemble de faces<br \/>\nCharni\u00e8res et tip-on compris<br \/>\n(Si poign\u00e9es, suppl\u00e9ment dans les options de quincailleries)<\/p>\n","protected":false},"excerpt":{"rendered":"<p>Ensemble de faces Charni\u00e8res et tip-on compris (Si poign\u00e9es, suppl\u00e9ment dans les options de quincailleries)<\/p>\n","protected":false},"featured_media":111,"template":"","meta":[],"product_cat":[18],"product_tag":[],"_links":{"self":[{"href":"https:\/\/shop.edgart.be\/shop\/index.php\/wp-json\/wp\/v2\/product\/100"}],"collection":[{"href":"https:\/\/shop.edgart.be\/shop\/index.php\/wp-json\/wp\/v2\/product"}],"about":[{"href":"https:\/\/shop.edgart.be\/shop\/index.php\/wp-json\/wp\/v2\/types\/product"}],"wp:featuredmedia":[{"embeddable":true,"href":"https:\/\/shop.edgart.be\/shop\/index.php\/wp-json\/wp\/v2\/media\/111"}],"wp:attachment":[{"href":"https:\/\/shop.edgart.be\/shop\/index.php\/wp-json\/wp\/v2\/media?parent=100"}],"wp:term":[{"taxonomy":"product_cat","embeddable":true,"href":"https:\/\/shop.edgart.be\/shop\/index.php\/wp-json\/wp\/v2\/product_cat?post=100"},{"taxonomy":"product_tag","embeddable":true,"href":"https:\/\/shop.edgart.be\/shop\/index.php\/wp-json\/wp\/v2\/product_tag?post=100"}],"curies":[{"name":"wp","href":"https:\/\/api.w.org\/{rel}","templated":true}]}}